{"id":3979,"date":"2026-01-09T20:00:55","date_gmt":"2026-01-10T01:00:55","guid":{"rendered":"https:\/\/voysisone.com\/knowledge-center\/"},"modified":"2026-03-17T14:08:38","modified_gmt":"2026-03-17T18:08:38","slug":"ressources","status":"publish","type":"page","link":"https:\/\/voysisone.com\/fr\/ressources\/","title":{"rendered":"Ressources"},"content":{"rendered":"\t\t<div data-elementor-type=\"wp-page\" data-elementor-id=\"3979\" class=\"elementor elementor-3979 elementor-767\" data-elementor-post-type=\"page\">\n\t\t\t\t<div class=\"elementor-element elementor-element-0e97232 e-con-full bg-animated blob e-flex e-con e-parent\" data-id=\"0e97232\" data-element_type=\"container\" data-e-type=\"container\">\n\t\t<div class=\"elementor-element elementor-element-e1edaf0 e-con-full e-flex e-con e-child\" data-id=\"e1edaf0\" data-element_type=\"container\" data-e-type=\"container\" data-settings=\"{&quot;background_background&quot;:&quot;classic&quot;}\">\n\t\t<div class=\"elementor-element elementor-element-41a6110 e-flex e-con-boxed e-con e-child\" data-id=\"41a6110\" data-element_type=\"container\" data-e-type=\"container\">\n\t\t\t\t\t<div class=\"e-con-inner\">\n\t\t\t\t<div class=\"elementor-element elementor-element-dfff985 elementor-widget elementor-widget-breadcrumbs\" data-id=\"dfff985\" data-element_type=\"widget\" data-e-type=\"widget\" data-widget_type=\"breadcrumbs.default\">\n\t\t\t\t\t<p id=\"breadcrumbs\"><span><span><a href=\"https:\/\/voysisone.com\/fr\/\">Accueil<\/a><\/span><\/span><\/p>\t\t\t\t<\/div>\n\t\t\t\t<div class=\"elementor-element elementor-element-47a4032 elementor-widget__width-inherit elementor-invisible elementor-widget elementor-widget-heading\" data-id=\"47a4032\" data-element_type=\"widget\" data-e-type=\"widget\" data-settings=\"{&quot;_animation&quot;:&quot;fadeIn&quot;,&quot;_animation_delay&quot;:200}\" data-widget_type=\"heading.default\">\n\t\t\t\t\t<h1 class=\"elementor-heading-title elementor-size-default\">Ressources<\/h1>\t\t\t\t<\/div>\n\t\t\t\t\t<\/div>\n\t\t\t\t<\/div>\n\t\t\t\t<\/div>\n\t\t\t\t<\/div>\n\t\t<div class=\"elementor-element elementor-element-d9e689b e-flex e-con-boxed e-con e-parent\" data-id=\"d9e689b\" data-element_type=\"container\" data-e-type=\"container\" data-settings=\"{&quot;background_background&quot;:&quot;gradient&quot;}\">\n\t\t\t\t\t<div class=\"e-con-inner\">\n\t\t\t\t<div class=\"elementor-element elementor-element-86dac59 elementor-widget elementor-widget-template\" data-id=\"86dac59\" data-element_type=\"widget\" data-e-type=\"widget\" data-widget_type=\"template.default\">\n\t\t\t\t<div class=\"elementor-widget-container\">\n\t\t\t\t\t\t\t<div class=\"elementor-template\">\n\t\t\t\t\t<div data-elementor-type=\"container\" data-elementor-id=\"3033\" class=\"elementor elementor-3033\" data-elementor-post-type=\"elementor_library\">\n\t\t\t\t<div class=\"elementor-element elementor-element-6ce9a2a3 e-flex e-con-boxed e-con e-parent\" data-id=\"6ce9a2a3\" data-element_type=\"container\" data-e-type=\"container\" data-settings=\"{&quot;background_background&quot;:&quot;gradient&quot;}\">\n\t\t\t\t\t<div class=\"e-con-inner\">\n\t\t<div class=\"elementor-element elementor-element-48e1f441 e-con-full e-flex e-con e-child\" data-id=\"48e1f441\" data-element_type=\"container\" data-e-type=\"container\">\n\t\t\t\t<div class=\"elementor-element elementor-element-6703fb6 elementor-widget__width-initial wifireveal elementor-hidden-mobile elementor-invisible elementor-widget elementor-widget-html\" data-id=\"6703fb6\" data-element_type=\"widget\" data-e-type=\"widget\" data-settings=\"{&quot;motion_fx_motion_fx_scrolling&quot;:&quot;yes&quot;,&quot;_animation&quot;:&quot;fadeInUp&quot;,&quot;motion_fx_devices&quot;:[&quot;desktop&quot;,&quot;tablet&quot;,&quot;mobile&quot;]}\" data-widget_type=\"html.default\">\n\t\t\t\t\t<div class=\"elementor-icon\">\n  <svg xmlns=\"http:\/\/www.w3.org\/2000\/svg\"\n       width=\"215.195\" height=\"125.587\"\n       viewBox=\"0 0 215.195 125.587\"\n       role=\"img\" aria-hidden=\"true\"\n       style=\"display:block; width:100%; height:auto; overflow:visible;\">\n    <defs>\n      <!-- Unique ID to avoid collisions -->\n      <linearGradient id=\"voy-wedge-grad-ffd302\" x1=\"0.5\" y1=\"0\" x2=\"0.5\" y2=\"1\">\n        <!-- TOP yellow -> BOTTOM white (matches your screenshot) -->\n        <stop offset=\"0\" stop-color=\"#FFD302\"\/>\n        <stop offset=\"1\" stop-color=\"#FFFFFF\"\/>\n      <\/linearGradient>\n    <\/defs>\n\n    <!-- Flipped version of your original path (point DOWN) -->\n    <path d=\"M0,30.358\n             q54.331,-30.358,107.6,-30.358\n             t107.6,30.358\n             L127.041,117.593\n             a27.642,27.642 0 0 1 -38.887,0\n             Z\"\n          fill=\"url(#voy-wedge-grad-ffd302)\"\n          fill-rule=\"evenodd\"\/>\n  <\/svg>\n<\/div>\n\t\t\t\t<\/div>\n\t\t\t\t<\/div>\n\t\t\t\t\t<\/div>\n\t\t\t\t<\/div>\n\t\t\t\t<\/div>\n\t\t\t\t<\/div>\n\t\t\t\t\t\t<\/div>\n\t\t\t\t<\/div>\n\t\t\t\t\t<\/div>\n\t\t\t\t<\/div>\n\t\t<div class=\"elementor-element elementor-element-65fccb4 e-flex e-con-boxed e-con e-parent\" data-id=\"65fccb4\" data-element_type=\"container\" data-e-type=\"container\">\n\t\t\t\t\t<div class=\"e-con-inner\">\n\t\t\t\t<div class=\"elementor-element elementor-element-9da9159 elementor-grid-1 elementor-posts--thumbnail-left elementor-grid-tablet-1 elementor-grid-mobile-1 elementor-widget elementor-widget-posts\" data-id=\"9da9159\" data-element_type=\"widget\" data-e-type=\"widget\" data-settings=\"{&quot;classic_columns&quot;:&quot;1&quot;,&quot;classic_columns_tablet&quot;:&quot;1&quot;,&quot;classic_row_gap_tablet&quot;:{&quot;unit&quot;:&quot;px&quot;,&quot;size&quot;:60,&quot;sizes&quot;:[]},&quot;classic_columns_mobile&quot;:&quot;1&quot;,&quot;classic_row_gap&quot;:{&quot;unit&quot;:&quot;px&quot;,&quot;size&quot;:35,&quot;sizes&quot;:[]},&quot;classic_row_gap_mobile&quot;:{&quot;unit&quot;:&quot;px&quot;,&quot;size&quot;:&quot;&quot;,&quot;sizes&quot;:[]}}\" data-widget_type=\"posts.classic\">\n\t\t\t\t<div class=\"elementor-widget-container\">\n\t\t\t\t\t\t\t<div class=\"elementor-posts-container elementor-posts elementor-posts--skin-classic elementor-grid\" role=\"list\">\n\t\t\t\t<article class=\"elementor-post elementor-grid-item post-5675 post type-post status-publish format-standard has-post-thumbnail hentry category-centre-de-contact-ip\" role=\"listitem\">\n\t\t\t\t<a class=\"elementor-post__thumbnail__link\" href=\"https:\/\/voysisone.com\/fr\/systeme-telephonique-cloud-roi-entreprise-moyenne-canada\/\" tabindex=\"-1\" >\n\t\t\t<div class=\"elementor-post__thumbnail\"><img fetchpriority=\"high\" decoding=\"async\" width=\"768\" height=\"512\" src=\"https:\/\/voysisone.com\/wp-content\/uploads\/2026\/03\/02_13_2021_SHOT_01-02-03_A_0978-1-768x512.jpg\" class=\"attachment-medium_large size-medium_large wp-image-5687\" alt=\"\" srcset=\"https:\/\/voysisone.com\/wp-content\/uploads\/2026\/03\/02_13_2021_SHOT_01-02-03_A_0978-1-768x512.jpg 768w, https:\/\/voysisone.com\/wp-content\/uploads\/2026\/03\/02_13_2021_SHOT_01-02-03_A_0978-1-300x200.jpg 300w, https:\/\/voysisone.com\/wp-content\/uploads\/2026\/03\/02_13_2021_SHOT_01-02-03_A_0978-1-1024x683.jpg 1024w, https:\/\/voysisone.com\/wp-content\/uploads\/2026\/03\/02_13_2021_SHOT_01-02-03_A_0978-1-1536x1024.jpg 1536w, https:\/\/voysisone.com\/wp-content\/uploads\/2026\/03\/02_13_2021_SHOT_01-02-03_A_0978-1-2048x1366.jpg 2048w\" sizes=\"(max-width: 768px) 100vw, 768px\" \/><\/div>\n\t\t<\/a>\n\t\t\t\t<div class=\"elementor-post__text\">\n\t\t\t\t<h3 class=\"elementor-post__title\">\n\t\t\t<a href=\"https:\/\/voysisone.com\/fr\/systeme-telephonique-cloud-roi-entreprise-moyenne-canada\/\" >\n\t\t\t\tQuel est le ROI d\u2019un syst\u00e8me t\u00e9l\u00e9phonique cloud pour une entreprise de taille moyenne ?\t\t\t<\/a>\n\t\t<\/h3>\n\t\t\t\t<div class=\"elementor-post__excerpt\">\n\t\t\t<p>Au Canada, les entreprises de taille moyenne \u2014 que ce soit dans le secteur m\u00e9dical, le retail, les services professionnels ou l\u2019industrie \u2014 font face<\/p>\n\t\t<\/div>\n\t\t\n\t\t<a class=\"elementor-post__read-more\" href=\"https:\/\/voysisone.com\/fr\/systeme-telephonique-cloud-roi-entreprise-moyenne-canada\/\" aria-label=\"En savoir plus sur Quel est le ROI d\u2019un syst\u00e8me t\u00e9l\u00e9phonique cloud pour une entreprise de taille moyenne ?\" tabindex=\"-1\" >\n\t\t\tEn savoir plus \u00bb\t\t<\/a>\n\n\t\t\t\t<\/div>\n\t\t\t\t<\/article>\n\t\t\t\t<article class=\"elementor-post elementor-grid-item post-5651 post type-post status-publish format-standard has-post-thumbnail hentry category-centre-de-contact-ip\" role=\"listitem\">\n\t\t\t\t<a class=\"elementor-post__thumbnail__link\" href=\"https:\/\/voysisone.com\/fr\/comment-migrer-votre-systeme-telephonique-vers-le-cloud-sans-interrompre-le-service\/\" tabindex=\"-1\" >\n\t\t\t<div class=\"elementor-post__thumbnail\"><img decoding=\"async\" width=\"600\" height=\"400\" src=\"https:\/\/voysisone.com\/wp-content\/uploads\/2026\/01\/E08342EC-5615-4061-82F8-25C018A5602C.jpg\" class=\"attachment-medium_large size-medium_large wp-image-4218\" alt=\"\" srcset=\"https:\/\/voysisone.com\/wp-content\/uploads\/2026\/01\/E08342EC-5615-4061-82F8-25C018A5602C.jpg 600w, https:\/\/voysisone.com\/wp-content\/uploads\/2026\/01\/E08342EC-5615-4061-82F8-25C018A5602C-300x200.jpg 300w\" sizes=\"(max-width: 600px) 100vw, 600px\" \/><\/div>\n\t\t<\/a>\n\t\t\t\t<div class=\"elementor-post__text\">\n\t\t\t\t<h3 class=\"elementor-post__title\">\n\t\t\t<a href=\"https:\/\/voysisone.com\/fr\/comment-migrer-votre-systeme-telephonique-vers-le-cloud-sans-interrompre-le-service\/\" >\n\t\t\t\tComment migrer votre syst\u00e8me t\u00e9l\u00e9phonique vers le cloud sans interrompre le service\t\t\t<\/a>\n\t\t<\/h3>\n\t\t\t\t<div class=\"elementor-post__excerpt\">\n\t\t\t<p>Pour de nombreuses entreprises canadiennes \u2014 qu\u2019elles soient dans le secteur de la sant\u00e9, du commerce de d\u00e9tail ou de l\u2019automobile \u2014 le syst\u00e8me t\u00e9l\u00e9phonique<\/p>\n\t\t<\/div>\n\t\t\n\t\t<a class=\"elementor-post__read-more\" href=\"https:\/\/voysisone.com\/fr\/comment-migrer-votre-systeme-telephonique-vers-le-cloud-sans-interrompre-le-service\/\" aria-label=\"En savoir plus sur Comment migrer votre syst\u00e8me t\u00e9l\u00e9phonique vers le cloud sans interrompre le service\" tabindex=\"-1\" >\n\t\t\tEn savoir plus \u00bb\t\t<\/a>\n\n\t\t\t\t<\/div>\n\t\t\t\t<\/article>\n\t\t\t\t<article class=\"elementor-post elementor-grid-item post-5632 post type-post status-publish format-standard has-post-thumbnail hentry category-centre-de-contact-ip category-voip\" role=\"listitem\">\n\t\t\t\t<a class=\"elementor-post__thumbnail__link\" href=\"https:\/\/voysisone.com\/fr\/what-are-the-financial-benefits-of-a-cloud-phone-system\/\" tabindex=\"-1\" >\n\t\t\t<div class=\"elementor-post__thumbnail\"><img decoding=\"async\" width=\"768\" height=\"512\" src=\"https:\/\/voysisone.com\/wp-content\/uploads\/2026\/03\/HOMESHOT_16_2061_v3-768x512.jpg\" class=\"attachment-medium_large size-medium_large wp-image-5616\" alt=\"\" srcset=\"https:\/\/voysisone.com\/wp-content\/uploads\/2026\/03\/HOMESHOT_16_2061_v3-768x512.jpg 768w, https:\/\/voysisone.com\/wp-content\/uploads\/2026\/03\/HOMESHOT_16_2061_v3-300x200.jpg 300w, https:\/\/voysisone.com\/wp-content\/uploads\/2026\/03\/HOMESHOT_16_2061_v3-1024x683.jpg 1024w, https:\/\/voysisone.com\/wp-content\/uploads\/2026\/03\/HOMESHOT_16_2061_v3-1536x1024.jpg 1536w, https:\/\/voysisone.com\/wp-content\/uploads\/2026\/03\/HOMESHOT_16_2061_v3-2048x1366.jpg 2048w\" sizes=\"(max-width: 768px) 100vw, 768px\" \/><\/div>\n\t\t<\/a>\n\t\t\t\t<div class=\"elementor-post__text\">\n\t\t\t\t<h3 class=\"elementor-post__title\">\n\t\t\t<a href=\"https:\/\/voysisone.com\/fr\/what-are-the-financial-benefits-of-a-cloud-phone-system\/\" >\n\t\t\t\tWhat are the financial benefits of a cloud phone system\t\t\t<\/a>\n\t\t<\/h3>\n\t\t\t\t<div class=\"elementor-post__excerpt\">\n\t\t\t<p>Business communication should support growth \u2014 not create unnecessary costs.\u00a0Yet many companies still rely on traditional phone systems that require expensive hardware, installation fees, phone<\/p>\n\t\t<\/div>\n\t\t\n\t\t<a class=\"elementor-post__read-more\" href=\"https:\/\/voysisone.com\/fr\/what-are-the-financial-benefits-of-a-cloud-phone-system\/\" aria-label=\"En savoir plus sur What are the financial benefits of a cloud phone system\" tabindex=\"-1\" >\n\t\t\tEn savoir plus \u00bb\t\t<\/a>\n\n\t\t\t\t<\/div>\n\t\t\t\t<\/article>\n\t\t\t\t<article class=\"elementor-post elementor-grid-item post-5595 post type-post status-publish format-standard has-post-thumbnail hentry category-centre-de-contact-ip category-voip\" role=\"listitem\">\n\t\t\t\t<a class=\"elementor-post__thumbnail__link\" href=\"https:\/\/voysisone.com\/fr\/avantages-financiers-systeme-telephonie-cloud\/\" tabindex=\"-1\" >\n\t\t\t<div class=\"elementor-post__thumbnail\"><img decoding=\"async\" width=\"600\" height=\"400\" src=\"https:\/\/voysisone.com\/wp-content\/uploads\/2026\/01\/E08342EC-5615-4061-82F8-25C018A5602C.jpg\" class=\"attachment-medium_large size-medium_large wp-image-4218\" alt=\"\" srcset=\"https:\/\/voysisone.com\/wp-content\/uploads\/2026\/01\/E08342EC-5615-4061-82F8-25C018A5602C.jpg 600w, https:\/\/voysisone.com\/wp-content\/uploads\/2026\/01\/E08342EC-5615-4061-82F8-25C018A5602C-300x200.jpg 300w\" sizes=\"(max-width: 600px) 100vw, 600px\" \/><\/div>\n\t\t<\/a>\n\t\t\t\t<div class=\"elementor-post__text\">\n\t\t\t\t<h3 class=\"elementor-post__title\">\n\t\t\t<a href=\"https:\/\/voysisone.com\/fr\/avantages-financiers-systeme-telephonie-cloud\/\" >\n\t\t\t\tQuels sont les avantages financiers d\u2019un syst\u00e8me t\u00e9l\u00e9phonique infonuagique ?\t\t\t<\/a>\n\t\t<\/h3>\n\t\t\t\t<div class=\"elementor-post__excerpt\">\n\t\t\t<p>La communication d\u2019entreprise doit soutenir la croissance \u2014 et non g\u00e9n\u00e9rer des co\u00fbts inutiles. Pourtant, de nombreuses entreprises utilisent encore des syst\u00e8mes t\u00e9l\u00e9phoniques traditionnels qui<\/p>\n\t\t<\/div>\n\t\t\n\t\t<a class=\"elementor-post__read-more\" href=\"https:\/\/voysisone.com\/fr\/avantages-financiers-systeme-telephonie-cloud\/\" aria-label=\"En savoir plus sur Quels sont les avantages financiers d\u2019un syst\u00e8me t\u00e9l\u00e9phonique infonuagique ?\" tabindex=\"-1\" >\n\t\t\tEn savoir plus \u00bb\t\t<\/a>\n\n\t\t\t\t<\/div>\n\t\t\t\t<\/article>\n\t\t\t\t<article class=\"elementor-post elementor-grid-item post-5587 post type-post status-publish format-standard has-post-thumbnail hentry category-centre-de-contact-ip category-voip\" role=\"listitem\">\n\t\t\t\t<a class=\"elementor-post__thumbnail__link\" href=\"https:\/\/voysisone.com\/fr\/financial-benefits-cloud-system\/\" tabindex=\"-1\" >\n\t\t\t<div class=\"elementor-post__thumbnail\"><img decoding=\"async\" width=\"768\" height=\"512\" src=\"https:\/\/voysisone.com\/wp-content\/uploads\/2026\/03\/HOMESHOT_16_2061_v3-768x512.jpg\" class=\"attachment-medium_large size-medium_large wp-image-5616\" alt=\"\" srcset=\"https:\/\/voysisone.com\/wp-content\/uploads\/2026\/03\/HOMESHOT_16_2061_v3-768x512.jpg 768w, https:\/\/voysisone.com\/wp-content\/uploads\/2026\/03\/HOMESHOT_16_2061_v3-300x200.jpg 300w, https:\/\/voysisone.com\/wp-content\/uploads\/2026\/03\/HOMESHOT_16_2061_v3-1024x683.jpg 1024w, https:\/\/voysisone.com\/wp-content\/uploads\/2026\/03\/HOMESHOT_16_2061_v3-1536x1024.jpg 1536w, https:\/\/voysisone.com\/wp-content\/uploads\/2026\/03\/HOMESHOT_16_2061_v3-2048x1366.jpg 2048w\" sizes=\"(max-width: 768px) 100vw, 768px\" \/><\/div>\n\t\t<\/a>\n\t\t\t\t<div class=\"elementor-post__text\">\n\t\t\t\t<h3 class=\"elementor-post__title\">\n\t\t\t<a href=\"https:\/\/voysisone.com\/fr\/financial-benefits-cloud-system\/\" >\n\t\t\t\tWhat are the financial benefits of a cloud phone system\t\t\t<\/a>\n\t\t<\/h3>\n\t\t\t\t<div class=\"elementor-post__excerpt\">\n\t\t\t<p>Business communication should support growth \u2014 not create unnecessary costs.\u00a0Yet many companies still rely on traditional phone systems that require expensive hardware, installation fees, phone<\/p>\n\t\t<\/div>\n\t\t\n\t\t<a class=\"elementor-post__read-more\" href=\"https:\/\/voysisone.com\/fr\/financial-benefits-cloud-system\/\" aria-label=\"En savoir plus sur What are the financial benefits of a cloud phone system\" tabindex=\"-1\" >\n\t\t\tEn savoir plus \u00bb\t\t<\/a>\n\n\t\t\t\t<\/div>\n\t\t\t\t<\/article>\n\t\t\t\t<article class=\"elementor-post elementor-grid-item post-4219 post type-post status-publish format-standard has-post-thumbnail hentry category-centre-de-contact-ip\" role=\"listitem\">\n\t\t\t\t<a class=\"elementor-post__thumbnail__link\" href=\"https:\/\/voysisone.com\/fr\/3-initiatives-cles-pour-les-centres-de-contact-modernes\/\" tabindex=\"-1\" >\n\t\t\t<div class=\"elementor-post__thumbnail\"><img decoding=\"async\" width=\"600\" height=\"400\" src=\"https:\/\/voysisone.com\/wp-content\/uploads\/2026\/01\/E08342EC-5615-4061-82F8-25C018A5602C.jpg\" class=\"attachment-medium_large size-medium_large wp-image-4218\" alt=\"\" srcset=\"https:\/\/voysisone.com\/wp-content\/uploads\/2026\/01\/E08342EC-5615-4061-82F8-25C018A5602C.jpg 600w, https:\/\/voysisone.com\/wp-content\/uploads\/2026\/01\/E08342EC-5615-4061-82F8-25C018A5602C-300x200.jpg 300w\" sizes=\"(max-width: 600px) 100vw, 600px\" \/><\/div>\n\t\t<\/a>\n\t\t\t\t<div class=\"elementor-post__text\">\n\t\t\t\t<h3 class=\"elementor-post__title\">\n\t\t\t<a href=\"https:\/\/voysisone.com\/fr\/3-initiatives-cles-pour-les-centres-de-contact-modernes\/\" >\n\t\t\t\t3 Initiatives cl\u00e9s pour les centres de contact modernes\t\t\t<\/a>\n\t\t<\/h3>\n\t\t\t\t<div class=\"elementor-post__excerpt\">\n\t\t\t<p>Les centres de contact jouent un r\u00f4le crucial dans la formation des exp\u00e9riences client et la r\u00e9ussite organisationnelle. Des \u00e9tudes r\u00e9centes montrent l\u2019importance de trois initiatives cl\u00e9s qui diff\u00e9rencient les centres de contact r\u00e9ussis des autres : la gestion de la performance des agents, l\u2019analyse et la collaboration.<\/p>\n\t\t<\/div>\n\t\t\n\t\t<a class=\"elementor-post__read-more\" href=\"https:\/\/voysisone.com\/fr\/3-initiatives-cles-pour-les-centres-de-contact-modernes\/\" aria-label=\"En savoir plus sur 3 Initiatives cl\u00e9s pour les centres de contact modernes\" tabindex=\"-1\" >\n\t\t\tEn savoir plus \u00bb\t\t<\/a>\n\n\t\t\t\t<\/div>\n\t\t\t\t<\/article>\n\t\t\t\t<\/div>\n\t\t\n\t\t\t\t\t\t<\/div>\n\t\t\t\t<\/div>\n\t\t\t\t\t<\/div>\n\t\t\t\t<\/div>\n\t\t\t\t<\/div>\n\t\t","protected":false},"excerpt":{"rendered":"<p>Ressources<\/p>\n","protected":false},"author":2,"featured_media":0,"parent":0,"menu_order":0,"comment_status":"closed","ping_status":"closed","template":"elementor_header_footer","meta":{"footnotes":""},"class_list":["post-3979","page","type-page","status-publish","hentry"],"yoast_head":"<!-- This site is optimized with the Yoast SEO plugin v27.2 - https:\/\/yoast.com\/product\/yoast-seo-wordpress\/ -->\n<title>Ressources cloud et IA | Articles Voysis One<\/title>\n<meta name=\"description\" content=\"Ressources sur la t\u00e9l\u00e9phonie cloud, centre de contact et IA. Tendances, cas r\u00e9els, conseils TI et analyses ROI pour dirigeants.\" \/>\n<meta name=\"robots\" content=\"index, follow, max-snippet:-1, max-image-preview:large, max-video-preview:-1\" \/>\n<link rel=\"canonical\" href=\"https:\/\/voysisone.com\/fr\/ressources\/\" \/>\n<meta property=\"og:locale\" content=\"fr_FR\" \/>\n<meta property=\"og:type\" content=\"article\" \/>\n<meta property=\"og:title\" content=\"Ressources cloud et IA | Articles Voysis One\" \/>\n<meta property=\"og:description\" content=\"Ressources sur la t\u00e9l\u00e9phonie cloud, centre de contact et IA. Tendances, cas r\u00e9els, conseils TI et analyses ROI pour dirigeants.\" \/>\n<meta property=\"og:url\" content=\"https:\/\/voysisone.com\/fr\/ressources\/\" \/>\n<meta property=\"og:site_name\" content=\"Voysis\" \/>\n<meta property=\"article:modified_time\" content=\"2026-03-17T18:08:38+00:00\" \/>\n<meta property=\"og:image\" content=\"https:\/\/voysisone.com\/wp-content\/uploads\/2026\/01\/VOIP-Phone-VoysisOne.jpg\" \/>\n\t<meta property=\"og:image:width\" content=\"1500\" \/>\n\t<meta property=\"og:image:height\" content=\"912\" \/>\n\t<meta property=\"og:image:type\" content=\"image\/jpeg\" \/>\n<meta name=\"twitter:card\" content=\"summary_large_image\" \/>\n<meta name=\"twitter:label1\" content=\"Dur\u00e9e de lecture estim\u00e9e\" \/>\n\t<meta name=\"twitter:data1\" content=\"1 minute\" \/>\n<!-- \/ Yoast SEO plugin. -->","yoast_head_json":{"title":"Ressources cloud et IA | Articles Voysis One","description":"Ressources sur la t\u00e9l\u00e9phonie cloud, centre de contact et IA. Tendances, cas r\u00e9els, conseils TI et analyses ROI pour dirigeants.","robots":{"index":"index","follow":"follow","max-snippet":"max-snippet:-1","max-image-preview":"max-image-preview:large","max-video-preview":"max-video-preview:-1"},"canonical":"https:\/\/voysisone.com\/fr\/ressources\/","og_locale":"fr_FR","og_type":"article","og_title":"Ressources cloud et IA | Articles Voysis One","og_description":"Ressources sur la t\u00e9l\u00e9phonie cloud, centre de contact et IA. Tendances, cas r\u00e9els, conseils TI et analyses ROI pour dirigeants.","og_url":"https:\/\/voysisone.com\/fr\/ressources\/","og_site_name":"Voysis","article_modified_time":"2026-03-17T18:08:38+00:00","og_image":[{"width":1500,"height":912,"url":"https:\/\/voysisone.com\/wp-content\/uploads\/2026\/01\/VOIP-Phone-VoysisOne.jpg","type":"image\/jpeg"}],"twitter_card":"summary_large_image","twitter_misc":{"Dur\u00e9e de lecture estim\u00e9e":"1 minute"},"schema":{"@context":"https:\/\/schema.org","@graph":[{"@type":"Article","@id":"https:\/\/voysisone.com\/fr\/ressources\/#article","isPartOf":{"@id":"https:\/\/voysisone.com\/fr\/ressources\/"},"author":{"name":"Jean","@id":"https:\/\/voysisone.com\/fr\/#\/schema\/person\/dfbff32aa737f3bc9e03849ec6956227"},"headline":"Ressources","datePublished":"2026-01-10T01:00:55+00:00","dateModified":"2026-03-17T18:08:38+00:00","mainEntityOfPage":{"@id":"https:\/\/voysisone.com\/fr\/ressources\/"},"wordCount":2,"publisher":{"@id":"https:\/\/voysisone.com\/fr\/#organization"},"inLanguage":"fr-FR"},{"@type":"WebPage","@id":"https:\/\/voysisone.com\/fr\/ressources\/","url":"https:\/\/voysisone.com\/fr\/ressources\/","name":"Ressources cloud et IA | Articles Voysis One","isPartOf":{"@id":"https:\/\/voysisone.com\/fr\/#website"},"datePublished":"2026-01-10T01:00:55+00:00","dateModified":"2026-03-17T18:08:38+00:00","description":"Ressources sur la t\u00e9l\u00e9phonie cloud, centre de contact et IA. Tendances, cas r\u00e9els, conseils TI et analyses ROI pour dirigeants.","breadcrumb":{"@id":"https:\/\/voysisone.com\/fr\/ressources\/#breadcrumb"},"inLanguage":"fr-FR","potentialAction":[{"@type":"ReadAction","target":["https:\/\/voysisone.com\/fr\/ressources\/"]}]},{"@type":"BreadcrumbList","@id":"https:\/\/voysisone.com\/fr\/ressources\/#breadcrumb","itemListElement":[{"@type":"ListItem","position":1,"name":"Accueil","item":"https:\/\/voysisone.com\/fr\/"},{"@type":"ListItem","position":2,"name":"Ressources"}]},{"@type":"WebSite","@id":"https:\/\/voysisone.com\/fr\/#website","url":"https:\/\/voysisone.com\/fr\/","name":"Voysis One","description":"Communication Solutions","publisher":{"@id":"https:\/\/voysisone.com\/fr\/#organization"},"alternateName":"Voysis","potentialAction":[{"@type":"SearchAction","target":{"@type":"EntryPoint","urlTemplate":"https:\/\/voysisone.com\/fr\/?s={search_term_string}"},"query-input":{"@type":"PropertyValueSpecification","valueRequired":true,"valueName":"search_term_string"}}],"inLanguage":"fr-FR"},{"@type":"Organization","@id":"https:\/\/voysisone.com\/fr\/#organization","name":"Voysis One","url":"https:\/\/voysisone.com\/fr\/","logo":{"@type":"ImageObject","inLanguage":"fr-FR","@id":"https:\/\/voysisone.com\/fr\/#\/schema\/logo\/image\/","url":"https:\/\/voysisone.com\/wp-content\/uploads\/2026\/01\/favicon-1.png","contentUrl":"https:\/\/voysisone.com\/wp-content\/uploads\/2026\/01\/favicon-1.png","width":512,"height":512,"caption":"Voysis One"},"image":{"@id":"https:\/\/voysisone.com\/fr\/#\/schema\/logo\/image\/"}},{"@type":"Person","@id":"https:\/\/voysisone.com\/fr\/#\/schema\/person\/dfbff32aa737f3bc9e03849ec6956227","name":"Jean","image":{"@type":"ImageObject","inLanguage":"fr-FR","@id":"https:\/\/secure.gravatar.com\/avatar\/6651faca8d288158d6bc751b5dfaf017bfa876127ce0a12a7c0a7fff480cf1d7?s=96&d=mm&r=g","url":"https:\/\/secure.gravatar.com\/avatar\/6651faca8d288158d6bc751b5dfaf017bfa876127ce0a12a7c0a7fff480cf1d7?s=96&d=mm&r=g","contentUrl":"https:\/\/secure.gravatar.com\/avatar\/6651faca8d288158d6bc751b5dfaf017bfa876127ce0a12a7c0a7fff480cf1d7?s=96&d=mm&r=g","caption":"Jean"}}]}},"_links":{"self":[{"href":"https:\/\/voysisone.com\/fr\/wp-json\/wp\/v2\/pages\/3979","targetHints":{"allow":["GET"]}}],"collection":[{"href":"https:\/\/voysisone.com\/fr\/wp-json\/wp\/v2\/pages"}],"about":[{"href":"https:\/\/voysisone.com\/fr\/wp-json\/wp\/v2\/types\/page"}],"author":[{"embeddable":true,"href":"https:\/\/voysisone.com\/fr\/wp-json\/wp\/v2\/users\/2"}],"replies":[{"embeddable":true,"href":"https:\/\/voysisone.com\/fr\/wp-json\/wp\/v2\/comments?post=3979"}],"version-history":[{"count":10,"href":"https:\/\/voysisone.com\/fr\/wp-json\/wp\/v2\/pages\/3979\/revisions"}],"predecessor-version":[{"id":5026,"href":"https:\/\/voysisone.com\/fr\/wp-json\/wp\/v2\/pages\/3979\/revisions\/5026"}],"wp:attachment":[{"href":"https:\/\/voysisone.com\/fr\/wp-json\/wp\/v2\/media?parent=3979"}],"curies":[{"name":"wp","href":"https:\/\/api.w.org\/{rel}","templated":true}]}}