{"id":4281,"date":"2026-01-05T17:39:40","date_gmt":"2026-01-05T22:39:40","guid":{"rendered":"https:\/\/voysisone.com\/privacy-policy\/"},"modified":"2026-02-26T09:36:25","modified_gmt":"2026-02-26T14:36:25","slug":"politique-de-confidentialite","status":"publish","type":"page","link":"https:\/\/voysisone.com\/fr\/politique-de-confidentialite\/","title":{"rendered":"Politique de confidentialit\u00e9"},"content":{"rendered":"\t\t<div data-elementor-type=\"wp-page\" data-elementor-id=\"4281\" class=\"elementor elementor-4281 elementor-3\" data-elementor-post-type=\"page\">\n\t\t\t\t<div class=\"elementor-element elementor-element-666e0395 e-flex e-con-boxed e-con e-parent\" data-id=\"666e0395\" data-element_type=\"container\" data-e-type=\"container\">\n\t\t\t\t\t<div class=\"e-con-inner\">\n\t\t\t\t<div class=\"elementor-element elementor-element-7b1a6e9 elementor-widget elementor-widget-heading\" data-id=\"7b1a6e9\" data-element_type=\"widget\" data-e-type=\"widget\" data-widget_type=\"heading.default\">\n\t\t\t\t\t<h1 class=\"elementor-heading-title elementor-size-default\">Politique de confidentialite<\/h1>\t\t\t\t<\/div>\n\t\t\t\t<div class=\"elementor-element elementor-element-4cfcd37 elementor-widget elementor-widget-heading\" data-id=\"4cfcd37\" data-element_type=\"widget\" data-e-type=\"widget\" data-widget_type=\"heading.default\">\n\t\t\t\t\t<h3 class=\"elementor-heading-title elementor-size-default\">Date de prise d\u2019effet: November 23, 2018<\/h3>\t\t\t\t<\/div>\n\t\t\t\t<div class=\"elementor-element elementor-element-582e04a5 elementor-widget elementor-widget-text-editor\" data-id=\"582e04a5\" data-element_type=\"widget\" data-e-type=\"widget\" data-widget_type=\"text-editor.default\">\n\t\t\t\t\t\t\t\t\t<p>Voysis IP Solutions (\u00ab nous \u00bb, \u00ab notre \u00bb, \u00ab nos \u00bb) exploite le site web www.voysis.ca (ci-apr\u00e8s d\u00e9sign\u00e9 par le terme \u00ab Service \u00bb).<\/p><p>Cette page vous explique nos politiques en mati\u00e8re de collecte, d\u2019utilisation et de communication des donn\u00e9es \u00e0 caract\u00e8re personnel lorsque vous utilisez notre Service ainsi que les choix qui s\u2019offrent \u00e0 vous en ce qui concerne ces donn\u00e9es.\u00a0<a href=\"https:\/\/www.freeprivacypolicy.com\/free-privacy-policy-generator\">Politique de Confidentialit\u00e9 via Free Privacy Policy Website<\/a>.<\/p><p>Nous utilisons vos donn\u00e9es pour fournir et am\u00e9liorer le Service. En utilisant le Service, vous consentez \u00e0 la collecte et \u00e0 l\u2019utilisation d\u2019informations conform\u00e9ment \u00e0 la pr\u00e9sente politique. Sauf d\u00e9finition contraire dans la pr\u00e9sente Politique de Confidentialit\u00e9, les termes utilis\u00e9s dans la pr\u00e9sente Politique de Confidentialit\u00e9 ont la m\u00eame signification que dans nos Conditions G\u00e9n\u00e9rales qui sont disponibles sur www.voysis.ca<\/p><h2><b>D\u00e9finitions<\/b><\/h2><ul><li><b>Service<\/b><\/li><\/ul><p>Par Service on entend le site web www.voysis.ca exploit\u00e9 par Voysis IP Solutions<\/p><ul><li><b>Donn\u00e9es \u00e0 caract\u00e8re personnel<\/b><\/li><\/ul><p>Donn\u00e9es \u00e0 Caract\u00e8re Personnel d\u00e9signe des donn\u00e9es concernant un individu vivant qui peut \u00eatre identifi\u00e9 \u00e0 partir de ces donn\u00e9es (ou \u00e0 partir de ces donn\u00e9es et d\u2019autres informations en notre possession ou susceptibles d\u2019entrer en notre possession).<\/p><ul><li><b>Donn\u00e9es d\u2019Utilisation<\/b><\/li><\/ul><p>Les Donn\u00e9es d\u2019Utilisation sont recueillies automatiquement et sont g\u00e9n\u00e9r\u00e9es soit par l\u2019utilisation du Service, soit par l\u2019infrastructure du Service proprement dite (par exemple, dur\u00e9e de consultation d\u2019une page).<\/p><ul><li><b>Cookies<\/b><\/li><\/ul><p>Les cookies sont de petits fichiers enregistr\u00e9s sur votre dispositif (ordinateur ou dispositif mobile).<\/p><h2><b>Collecte et utilisation des donn\u00e9es<\/b><\/h2><p>Nous recueillons plusieurs types de donn\u00e9es \u00e0 diff\u00e9rentes fins en vue de vous fournir notre Service et de l\u2019am\u00e9liorer.<\/p><h3>Types de donn\u00e9es recueillies<\/h3><h4><b><i>Donn\u00e9es \u00e0 Caract\u00e8re Personnel<\/i><\/b><\/h4><p>Lorsque vous utilisez notre Service, il est possible que nous vous demandions de nous fournir certaines donn\u00e9es personnelles nominatives qui peuvent servir \u00e0 vous contacter ou \u00e0 vous identifier (\u00ab\u00a0Donn\u00e9es \u00e0 Caract\u00e8re Personnel\u00a0\u00bb). Les donn\u00e9es personnelles nominatives peuvent comprendre, mais de mani\u00e8re non limitative:<\/p><ul><li>Adresse e-mail<\/li><li>Pr\u00e9nom et nom de famille<\/li><li>Num\u00e9ro de t\u00e9l\u00e9phone<\/li><li>Cookies et Donn\u00e9es d\u2019Utilisation<\/li><\/ul><h4><b><i>Donn\u00e9es d\u2019Utilisation<\/i><\/b><\/h4><p>Nous pouvons \u00e9galement recueillir des informations relatives au mode d\u2019acc\u00e8s et d\u2019utilisation du Service (\u00ab\u00a0Donn\u00e9es d\u2019Utilisation\u00a0\u00bb). Ces Donn\u00e9es d\u2019Utilisation peuvent comprendre des informations telles que l\u2019adresse de protocole Internet (c.-\u00e0-d. l\u2019adresse IP) de votre ordinateur, le type de navigateur, la version du navigateur, les pages de notre Service que vous consultez, la date et l\u2019heure de votre visite, le temps pass\u00e9 sur ces pages, les identifiants uniques de dispositifs ainsi que d\u2019autres donn\u00e9es de diagnostic.<\/p><h4><b><i>Suivi et donn\u00e9es de cookies<\/i><\/b><\/h4><p>Nous avons recours \u00e0 des cookies et \u00e0 d\u2019autres technologies de suivi similaires pour effectuer un suivi des activit\u00e9s effectu\u00e9es dans notre Service, et nous conservons certaines informations.<\/p><p>Les cookies sont des fichiers \u00e0 faible volume de donn\u00e9es pouvant comporter un identifiant unique anonyme. Les cookies sont envoy\u00e9s \u00e0 votre navigateur depuis un site web et sont stock\u00e9s sur votre dispositif. D\u2019autres technologies de suivi telles que les pixels, les balises et les scripts sont \u00e9galement utilis\u00e9es pour recueillir et suivre des informations et afin d\u2019am\u00e9liorer et d\u2019analyser notre Service.<\/p><p>Vous pouvez demander \u00e0 votre navigateur de refuser tous les cookies ou de vous avertir lorsqu\u2019un cookie est envoy\u00e9. Toutefois, si vous n\u2019acceptez pas les cookies, il se peut que vous ne puissiez pas utiliser certains \u00e9l\u00e9ments de notre Service.<\/p><p>Exemples de cookies que nous utilisons :<\/p><ul><li><b>Cookies de Session.<\/b>\u00a0Nous utilisons des Cookies de Session pour faire fonctionner notre Service.<\/li><li><b>Cookies de Pr\u00e9f\u00e9rences.<\/b>\u00a0Nous utilisons des Cookies de Pr\u00e9f\u00e9rences pour m\u00e9moriser vos pr\u00e9f\u00e9rences et vos diff\u00e9rents param\u00e8tres.<\/li><li><b>Cookies de S\u00e9curit\u00e9.<\/b>\u00a0Nous utilisons des Cookies de S\u00e9curit\u00e9 pour des raisons de s\u00e9curit\u00e9.<\/li><\/ul><h2><b>Utilisation des donn\u00e9es<\/b><\/h2><p>Voysis IP Solutions utilise les donn\u00e9es recueillies \u00e0 des fins diverses:<\/p><ul><li>Pour fournir et assurer notre Service<\/li><li>Pour vous faire part des changements apport\u00e9s \u00e0 notre Service<\/li><li>Pour vous permettre d\u2019utiliser les fonctions interactives de notre Service quand vous le souhaitez<\/li><li>Pour assurer l\u2019assistance client<\/li><li>Pour recueillir des donn\u00e9es pr\u00e9cieuses ou d\u2019analyses qui nous permettront d\u2019am\u00e9liorer notre Service<\/li><li>Pour contr\u00f4ler l\u2019utilisation de notre Service<\/li><li>Pour d\u00e9tecter, pr\u00e9venir et r\u00e9gler les probl\u00e8mes techniques<\/li><\/ul><h2><b>Transfert des donn\u00e9es<\/b><\/h2><p>Les informations vous concernant, notamment vos Donn\u00e9es \u00e0 Caract\u00e8re Personnel, peuvent \u00eatre transf\u00e9r\u00e9es de votre r\u00e9gion, province, pays, ou autre division territoriale vers des ordinateurs \u2013 et stock\u00e9es sur ces derniers \u2013 situ\u00e9s \u00e0 un endroit o\u00f9 la l\u00e9gislation relative \u00e0 la protection des donn\u00e9es diff\u00e8re de celle du territoire o\u00f9 vous r\u00e9sidez.<\/p><p>Si vous r\u00e9sidez hors de\/du Canada et que vous choisissez de nous communiquer des informations, sachez que nous transf\u00e9rons les donn\u00e9es, y compris les Donn\u00e9es \u00e0 Caract\u00e8re Personnel, vers le\/la Canada et que nous les y traitons.<\/p><p>En acceptant la pr\u00e9sente Politique de Confidentialit\u00e9 puis en soumettant ces informations, vous consentez \u00e0 ce transfert.<\/p><p>Voysis IP Solutions prendra toutes les mesures raisonnablement n\u00e9cessaires pour faire en sorte que vos donn\u00e9es soient trait\u00e9es de mani\u00e8re s\u00e9curis\u00e9e et conform\u00e9ment \u00e0 la pr\u00e9sente Politique de Confidentialit\u00e9 et vos Donn\u00e9es \u00e0 Caract\u00e8re Personnel ne seront transf\u00e9r\u00e9es vers aucune organisation ni aucun pays \u00e0 moins que des contr\u00f4les ad\u00e9quats ne soient en place, notamment en ce qui concerne la s\u00e9curit\u00e9 de vos donn\u00e9es et d\u2019autres donn\u00e9es personnelles.<\/p><h2><b>Communication de donn\u00e9es<\/b><\/h2><h3>Exigences l\u00e9gales<\/h3><p>Voysis IP Solutions peut communiquer vos Donn\u00e9es \u00e0 Caract\u00e8re Personnel si elle estime de bonne foi que cela est n\u00e9cessaire pour:<\/p><ul><li>S\u2019acquitter d\u2019une obligation l\u00e9gale<\/li><li>Prot\u00e9ger et d\u00e9fendre les droits ou les biens de Voysis IP Solutions<\/li><li>Pr\u00e9venir d\u2019\u00e9ventuels actes r\u00e9pr\u00e9hensibles ou enqu\u00eater sur de tels actes dans le cadre du Service<\/li><li>Assurer la s\u00e9curit\u00e9 personnelle des utilisateurs du Service ou du public<\/li><li>Se prot\u00e9ger contre la responsabilit\u00e9 civile<\/li><\/ul><h2><b>S\u00e9curit\u00e9 des donn\u00e9es<\/b><\/h2><p>La s\u00e9curit\u00e9 de vos donn\u00e9es nous tient \u00e0 c\u0153ur. Toutefois, n\u2019oubliez pas qu\u2019aucune m\u00e9thode de transmission de donn\u00e9es par Internet ou m\u00e9thode de stockage \u00e9lectronique n\u2019est s\u00fbre \u00e0 100 %. Bien que nous nous efforcions d\u2019utiliser des m\u00e9thodes commercialement acceptables pour prot\u00e9ger vos Donn\u00e9es \u00e0 Caract\u00e8re Personnel, nous ne pouvons pas leur garantir une s\u00e9curit\u00e9 absolue.<\/p><h2><b>Prestataires de services<\/b><\/h2><p>Nous pouvons faire appel \u00e0 des soci\u00e9t\u00e9s tierces et \u00e0 des tierces personnes pour faciliter la prestation de notre Service (\u00ab\u00a0Prestataires de Services\u00a0\u00bb), assurer le Service en notre nom, assurer des services li\u00e9s au Service ou nous aider \u00e0 analyser la fa\u00e7on dont notre Service est utilis\u00e9.<\/p><p>Ces tiers n\u2019ont acc\u00e8s \u00e0 vos Donn\u00e9es \u00e0 Caract\u00e8re Personnel que pour effectuer ces t\u00e2ches en notre nom et il leur est interdit de les communiquer ou de les utiliser \u00e0 quelle qu\u2019autre fin.<\/p><h3>Analyses<\/h3><p>Nous pouvons faire appel \u00e0 des Prestataires de Services tiers pour surveiller et analyser l\u2019utilisation de notre Service.<\/p><ul><li><b>Google Analytics<\/b><\/li><\/ul><p>Google Analytics est un service d\u2019analyse web propos\u00e9 par Google qui assure le suivi du trafic d\u2019un site web et en rend compte. Google utilise les donn\u00e9es recueillies pour suivre et surveiller l\u2019utilisation de notre Service. Ces donn\u00e9es sont partag\u00e9es avec d\u2019autres services Google. Google peut utiliser les donn\u00e9es recueillies pour contextualiser et personnaliser les annonces de son propre r\u00e9seau publicitaire.<\/p><p>Vous pouvez emp\u00eacher que vos activit\u00e9s dans le cadre du Service ne soient mises \u00e0 la disposition de Google Analytics en installant le plug-in pour navigateur Analytics Opt out browser add-on de Google Analytics. Ce plug-in emp\u00eache le code JavaScript de Google Analytics JavaScript (ga.js, analytics.js et dc.js) de partager les informations concernant les activit\u00e9s li\u00e9es aux visites avec Google Analytics.<\/p><p>Pour plus de pr\u00e9cisions sur les pratiques de confidentialit\u00e9 de Google, merci de consulter la page web Protection de la vie priv\u00e9e et conditions de Google:\u00a0<a href=\"https:\/\/policies.google.com\/privacy?hl=en\">https:\/\/policies.google.com\/privacy?hl=en<\/a><\/p><h2><b>Liens pointant vers d\u2019autres sites<\/b><\/h2><p>Il se peut que notre Service contienne des liens pointant vers d\u2019autres sites que nous n\u2019exploitons pas. Si vous cliquez sur un lien de tiers, vous serez redirig\u00e9 vers le site de ce tiers. Nous vous recommandons vivement d\u2019examiner la politique de confidentialit\u00e9 de chacun des sites que vous consultez.<\/p><p>Nous n\u2019avons aucun contr\u00f4le sur le contenu, les politiques ou pratiques de confidentialit\u00e9 des sites ou services de tiers et d\u00e9clinons toute responsabilit\u00e9 en ce qui les concerne.<\/p><h2><b>Vie priv\u00e9e des enfants<\/b><\/h2><p>Notre Service ne s\u2019adresse pas aux personnes de moins de 18 ans (\u00ab\u00a0Enfants\u00a0\u00bb).<\/p><p>Nous ne recueillons pas sciemment de donn\u00e9es personnelles nominatives aupr\u00e8s de personnes de moins de 18 ans. Si vous \u00eates un parent ou un tuteur et que vous savez que votre Enfant nous a communiqu\u00e9 des Donn\u00e9es \u00e0 Caract\u00e8re Personnel, veuillez nous contacter. Si nous apprenons que nous avons recueilli des Donn\u00e9es \u00e0 Caract\u00e8re Personnel aupr\u00e8s d\u2019enfants sans v\u00e9rifier s\u2019il y a consentement parental, nous faisons le n\u00e9cessaire pour supprimer ces informations de nos serveurs.<\/p><h2><b>Modifications de la pr\u00e9sente Politique de Confidentialit\u00e9<\/b><\/h2><p>Nous nous r\u00e9servons le droit d\u2019actualiser notre Politique de Confidentialit\u00e9 de temps \u00e0 autre. Nous vous informerons de toute modification en publiant la nouvelle Politique de Confidentialit\u00e9 sur cette page.<\/p><p>Avant que la modification ne prenne effet, nous vous en informerons par e-mail et\/ ou en pla\u00e7ant un avis bien en vue dans notre Service et nous actualiserons la \u00ab\u00a0date de prise d\u2019effet\u00a0\u00bb qui figure en haut de la pr\u00e9sente Politique de Confidentialit\u00e9.<\/p><p>Nous vous conseillons de consulter la pr\u00e9sente Politique de Confidentialit\u00e9 p\u00e9riodiquement pour prendre connaissance de toute modification. Les modifications apport\u00e9es \u00e0 la pr\u00e9sente Politique de Confidentialit\u00e9 prennent effet lorsqu\u2019elles sont publi\u00e9es sur cette page.<\/p><h2><b>Nous contacter<\/b><\/h2><p>Pour toute question relative \u00e0 la pr\u00e9sente Politique de Confidentialit\u00e9, veuillez nous contacter:<\/p><ul><li>Par courrier \u00e9lectronique:\u00a0info@voysis.ca<\/li><li>En consultant cette page sur notre site web: www.voysis.ca\/en\/solutions<\/li><li>Par t\u00e9l\u00e9phone: 514-667-8600<\/li><\/ul><p><iframe id=\"clerk-opt-in-form\" class=\" lazyloaded\" title=\"Clerk Chat Opt in form\" src=\"data:image\/gif;base64,R0lGODlhAQABAAAAACH5BAEKAAEALAAAAAABAAEAAAICTAEAOw==\" data-src=\"https:\/\/clerk.chat\/misc\/sms-opt-in\/?widgetId=05fc759d-9df3-4ff8-b6b5-77eeba29cf59\" data-mce-fragment=\"1\"><\/iframe><\/p>\t\t\t\t\t\t\t\t<\/div>\n\t\t\t\t\t<\/div>\n\t\t\t\t<\/div>\n\t\t<div class=\"elementor-element elementor-element-8332356 e-flex e-con-boxed e-con e-parent\" data-id=\"8332356\" data-element_type=\"container\" data-e-type=\"container\">\n\t\t\t\t\t<div class=\"e-con-inner\">\n\t\t\t\t<div class=\"elementor-element elementor-element-83a9598 elementor-widget elementor-widget-html\" data-id=\"83a9598\" data-element_type=\"widget\" data-e-type=\"widget\" data-widget_type=\"html.default\">\n\t\t\t\t\t<iframe\n  id=\"clerk-opt-in-form\"\n  title=\"Clerk Chat Opt-in Form\"\n  src=\"https:\/\/clerk.chat\/misc\/sms-opt-in\/?widgetId=05fc759d-9df3-4ff8-b6b5-77eeba29cf59\"\n  style=\"display:block;width:100%;height:100%;min-height:700px;border:0;\"\n  loading=\"lazy\"\n  referrerpolicy=\"no-referrer-when-downgrade\"\n  allow=\"clipboard-write\"\n><\/iframe>\n\t\t\t\t<\/div>\n\t\t\t\t\t<\/div>\n\t\t\t\t<\/div>\n\t\t\t\t<\/div>\n\t\t","protected":false},"excerpt":{"rendered":"<p>Politique de confidentialite Date de prise d\u2019effet: November 23, 2018 Voysis IP Solutions (\u00ab nous \u00bb, \u00ab notre \u00bb, \u00ab nos \u00bb) exploite le site web www.voysis.ca (ci-apr\u00e8s d\u00e9sign\u00e9 par le terme \u00ab Service \u00bb). Cette page vous explique nos politiques en mati\u00e8re de collecte, d\u2019utilisation et de communication des donn\u00e9es \u00e0 caract\u00e8re personnel lorsque [&hellip;]<\/p>\n","protected":false},"author":1,"featured_media":0,"parent":0,"menu_order":0,"comment_status":"closed","ping_status":"closed","template":"elementor_header_footer","meta":{"footnotes":""},"class_list":["post-4281","page","type-page","status-publish","hentry"],"yoast_head":"<!-- This site is optimized with the Yoast SEO plugin v27.2 - https:\/\/yoast.com\/product\/yoast-seo-wordpress\/ -->\n<title>Politique de confidentialit\u00e9 - Voysis<\/title>\n<meta name=\"robots\" content=\"index, follow, max-snippet:-1, max-image-preview:large, max-video-preview:-1\" \/>\n<link rel=\"canonical\" href=\"https:\/\/voysisone.com\/fr\/politique-de-confidentialite\/\" \/>\n<meta property=\"og:locale\" content=\"fr_FR\" \/>\n<meta property=\"og:type\" content=\"article\" \/>\n<meta property=\"og:title\" content=\"Politique de confidentialit\u00e9 - Voysis\" \/>\n<meta property=\"og:description\" content=\"Politique de confidentialite Date de prise d\u2019effet: November 23, 2018 Voysis IP Solutions (\u00ab nous \u00bb, \u00ab notre \u00bb, \u00ab nos \u00bb) exploite le site web www.voysis.ca (ci-apr\u00e8s d\u00e9sign\u00e9 par le terme \u00ab Service \u00bb). Cette page vous explique nos politiques en mati\u00e8re de collecte, d\u2019utilisation et de communication des donn\u00e9es \u00e0 caract\u00e8re personnel lorsque [&hellip;]\" \/>\n<meta property=\"og:url\" content=\"https:\/\/voysisone.com\/fr\/politique-de-confidentialite\/\" \/>\n<meta property=\"og:site_name\" content=\"Voysis\" \/>\n<meta property=\"article:modified_time\" content=\"2026-02-26T14:36:25+00:00\" \/>\n<meta property=\"og:image\" content=\"https:\/\/voysisone.com\/wp-content\/uploads\/2026\/01\/VOIP-Phone-VoysisOne.jpg\" \/>\n\t<meta property=\"og:image:width\" content=\"1500\" \/>\n\t<meta property=\"og:image:height\" content=\"912\" \/>\n\t<meta property=\"og:image:type\" content=\"image\/jpeg\" \/>\n<meta name=\"twitter:card\" content=\"summary_large_image\" \/>\n<meta name=\"twitter:label1\" content=\"Dur\u00e9e de lecture estim\u00e9e\" \/>\n\t<meta name=\"twitter:data1\" content=\"8 minutes\" \/>\n<!-- \/ Yoast SEO plugin. -->","yoast_head_json":{"title":"Politique de confidentialit\u00e9 - Voysis","robots":{"index":"index","follow":"follow","max-snippet":"max-snippet:-1","max-image-preview":"max-image-preview:large","max-video-preview":"max-video-preview:-1"},"canonical":"https:\/\/voysisone.com\/fr\/politique-de-confidentialite\/","og_locale":"fr_FR","og_type":"article","og_title":"Politique de confidentialit\u00e9 - Voysis","og_description":"Politique de confidentialite Date de prise d\u2019effet: November 23, 2018 Voysis IP Solutions (\u00ab nous \u00bb, \u00ab notre \u00bb, \u00ab nos \u00bb) exploite le site web www.voysis.ca (ci-apr\u00e8s d\u00e9sign\u00e9 par le terme \u00ab Service \u00bb). Cette page vous explique nos politiques en mati\u00e8re de collecte, d\u2019utilisation et de communication des donn\u00e9es \u00e0 caract\u00e8re personnel lorsque [&hellip;]","og_url":"https:\/\/voysisone.com\/fr\/politique-de-confidentialite\/","og_site_name":"Voysis","article_modified_time":"2026-02-26T14:36:25+00:00","og_image":[{"width":1500,"height":912,"url":"https:\/\/voysisone.com\/wp-content\/uploads\/2026\/01\/VOIP-Phone-VoysisOne.jpg","type":"image\/jpeg"}],"twitter_card":"summary_large_image","twitter_misc":{"Dur\u00e9e de lecture estim\u00e9e":"8 minutes"},"schema":{"@context":"https:\/\/schema.org","@graph":[{"@type":"Article","@id":"https:\/\/voysisone.com\/fr\/politique-de-confidentialite\/#article","isPartOf":{"@id":"https:\/\/voysisone.com\/fr\/politique-de-confidentialite\/"},"author":{"name":"admin","@id":"https:\/\/voysisone.com\/fr\/#\/schema\/person\/8cf6406414de44e6a370f799c8a37b0a"},"headline":"Politique de confidentialit\u00e9","datePublished":"2026-01-05T22:39:40+00:00","dateModified":"2026-02-26T14:36:25+00:00","mainEntityOfPage":{"@id":"https:\/\/voysisone.com\/fr\/politique-de-confidentialite\/"},"wordCount":1777,"publisher":{"@id":"https:\/\/voysisone.com\/fr\/#organization"},"inLanguage":"fr-FR"},{"@type":"WebPage","@id":"https:\/\/voysisone.com\/fr\/politique-de-confidentialite\/","url":"https:\/\/voysisone.com\/fr\/politique-de-confidentialite\/","name":"Politique de confidentialit\u00e9 - Voysis","isPartOf":{"@id":"https:\/\/voysisone.com\/fr\/#website"},"datePublished":"2026-01-05T22:39:40+00:00","dateModified":"2026-02-26T14:36:25+00:00","breadcrumb":{"@id":"https:\/\/voysisone.com\/fr\/politique-de-confidentialite\/#breadcrumb"},"inLanguage":"fr-FR","potentialAction":[{"@type":"ReadAction","target":["https:\/\/voysisone.com\/fr\/politique-de-confidentialite\/"]}]},{"@type":"BreadcrumbList","@id":"https:\/\/voysisone.com\/fr\/politique-de-confidentialite\/#breadcrumb","itemListElement":[{"@type":"ListItem","position":1,"name":"Accueil","item":"https:\/\/voysisone.com\/fr\/"},{"@type":"ListItem","position":2,"name":"Politique de confidentialit\u00e9"}]},{"@type":"WebSite","@id":"https:\/\/voysisone.com\/fr\/#website","url":"https:\/\/voysisone.com\/fr\/","name":"Voysis One","description":"Communication Solutions","publisher":{"@id":"https:\/\/voysisone.com\/fr\/#organization"},"alternateName":"Voysis","potentialAction":[{"@type":"SearchAction","target":{"@type":"EntryPoint","urlTemplate":"https:\/\/voysisone.com\/fr\/?s={search_term_string}"},"query-input":{"@type":"PropertyValueSpecification","valueRequired":true,"valueName":"search_term_string"}}],"inLanguage":"fr-FR"},{"@type":"Organization","@id":"https:\/\/voysisone.com\/fr\/#organization","name":"Voysis One","url":"https:\/\/voysisone.com\/fr\/","logo":{"@type":"ImageObject","inLanguage":"fr-FR","@id":"https:\/\/voysisone.com\/fr\/#\/schema\/logo\/image\/","url":"https:\/\/voysisone.com\/wp-content\/uploads\/2026\/01\/favicon-1.png","contentUrl":"https:\/\/voysisone.com\/wp-content\/uploads\/2026\/01\/favicon-1.png","width":512,"height":512,"caption":"Voysis One"},"image":{"@id":"https:\/\/voysisone.com\/fr\/#\/schema\/logo\/image\/"}},{"@type":"Person","@id":"https:\/\/voysisone.com\/fr\/#\/schema\/person\/8cf6406414de44e6a370f799c8a37b0a","name":"admin","image":{"@type":"ImageObject","inLanguage":"fr-FR","@id":"https:\/\/secure.gravatar.com\/avatar\/4c446add9583916f8b3f1fe5c6cc76d62be50c496b27583fc71da5b745c2c6b2?s=96&d=mm&r=g","url":"https:\/\/secure.gravatar.com\/avatar\/4c446add9583916f8b3f1fe5c6cc76d62be50c496b27583fc71da5b745c2c6b2?s=96&d=mm&r=g","contentUrl":"https:\/\/secure.gravatar.com\/avatar\/4c446add9583916f8b3f1fe5c6cc76d62be50c496b27583fc71da5b745c2c6b2?s=96&d=mm&r=g","caption":"admin"},"sameAs":["https:\/\/voysisone.com"]}]}},"_links":{"self":[{"href":"https:\/\/voysisone.com\/fr\/wp-json\/wp\/v2\/pages\/4281","targetHints":{"allow":["GET"]}}],"collection":[{"href":"https:\/\/voysisone.com\/fr\/wp-json\/wp\/v2\/pages"}],"about":[{"href":"https:\/\/voysisone.com\/fr\/wp-json\/wp\/v2\/types\/page"}],"author":[{"embeddable":true,"href":"https:\/\/voysisone.com\/fr\/wp-json\/wp\/v2\/users\/1"}],"replies":[{"embeddable":true,"href":"https:\/\/voysisone.com\/fr\/wp-json\/wp\/v2\/comments?post=4281"}],"version-history":[{"count":11,"href":"https:\/\/voysisone.com\/fr\/wp-json\/wp\/v2\/pages\/4281\/revisions"}],"predecessor-version":[{"id":5347,"href":"https:\/\/voysisone.com\/fr\/wp-json\/wp\/v2\/pages\/4281\/revisions\/5347"}],"wp:attachment":[{"href":"https:\/\/voysisone.com\/fr\/wp-json\/wp\/v2\/media?parent=4281"}],"curies":[{"name":"wp","href":"https:\/\/api.w.org\/{rel}","templated":true}]}}